{"id":9937,"date":"2025-04-19T17:29:57","date_gmt":"2025-04-19T16:29:57","guid":{"rendered":"https:\/\/alfros.shop\/?page_id=9937"},"modified":"2025-04-19T18:48:55","modified_gmt":"2025-04-19T17:48:55","slug":"blog","status":"publish","type":"page","link":"https:\/\/alfros.shop\/en\/blog\/","title":{"rendered":"Blog"},"content":{"rendered":"<div data-elementor-type=\"wp-page\" data-elementor-id=\"9937\" class=\"elementor elementor-9937\">\n\t\t\t\t\t\t<section class=\"elementor-section elementor-top-section elementor-element elementor-element-0d69682 elementor-section-full_width qodef-elementor-content-grid elementor-section-height-default elementor-section-height-default\" data-id=\"0d69682\" data-element_type=\"section\">\n\t\t\t\t\t\t<div class=\"elementor-container elementor-column-gap-default\">\n\t\t\t\t\t<div class=\"elementor-column elementor-col-100 elementor-top-column elementor-element elementor-element-ebe245f\" data-id=\"ebe245f\" data-element_type=\"column\">\n\t\t\t<div class=\"elementor-widget-wrap elementor-element-populated\">\n\t\t\t\t\t\t<div class=\"elementor-element elementor-element-261a378 elementor-widget elementor-widget-marra_core_blog_list\" data-id=\"261a378\" data-element_type=\"widget\" data-widget_type=\"marra_core_blog_list.default\">\n\t\t\t\t<div class=\"elementor-widget-container\">\n\t\t\t\t\t<div class=\"qodef-shortcode qodef-m  qodef-blog qodef--list qodef-item-layout--standard qodef-centered-layout--enabled qodef-grid qodef-layout--masonry  qodef-gutter--small qodef-col-num--3 qodef-item-layout--standard qodef-pagination--on qodef-pagination-type--load-more qodef-responsive--custom qodef-col-num--1440--3 qodef-col-num--1366--3 qodef-col-num--1024--2 qodef-col-num--768--2 qodef-col-num--680--1 qodef-col-num--480--1\" data-options=\"{&quot;plugin&quot;:&quot;marra_core&quot;,&quot;module&quot;:&quot;blog\\\/shortcodes&quot;,&quot;shortcode&quot;:&quot;blog-list&quot;,&quot;post_type&quot;:&quot;post&quot;,&quot;next_page&quot;:&quot;2&quot;,&quot;max_pages_num&quot;:1,&quot;behavior&quot;:&quot;masonry&quot;,&quot;images_proportion&quot;:&quot;full&quot;,&quot;columns&quot;:&quot;3&quot;,&quot;columns_responsive&quot;:&quot;custom&quot;,&quot;columns_1440&quot;:&quot;3&quot;,&quot;columns_1366&quot;:&quot;3&quot;,&quot;columns_1024&quot;:&quot;2&quot;,&quot;columns_768&quot;:&quot;2&quot;,&quot;columns_680&quot;:&quot;1&quot;,&quot;columns_480&quot;:&quot;1&quot;,&quot;space&quot;:&quot;small&quot;,&quot;posts_per_page&quot;:&quot;9&quot;,&quot;orderby&quot;:&quot;date&quot;,&quot;order&quot;:&quot;ASC&quot;,&quot;additional_params&quot;:&quot;tax&quot;,&quot;tax&quot;:&quot;category&quot;,&quot;layout&quot;:&quot;standard&quot;,&quot;title_tag&quot;:&quot;h4&quot;,&quot;excerpt_length&quot;:&quot;80&quot;,&quot;content_padding&quot;:&quot;0px 0px 40px 0px&quot;,&quot;pagination_type&quot;:&quot;load-more&quot;,&quot;center_content&quot;:&quot;yes&quot;,&quot;enable_image&quot;:&quot;yes&quot;,&quot;enable_author&quot;:&quot;no&quot;,&quot;enable_date&quot;:&quot;yes&quot;,&quot;enable_category&quot;:&quot;yes&quot;,&quot;enable_excerpt&quot;:&quot;yes&quot;,&quot;enable_button&quot;:&quot;yes&quot;,&quot;button_layout&quot;:&quot;textual&quot;,&quot;object_class_name&quot;:&quot;MarraCoreBlogListShortcode&quot;,&quot;taxonomy_filter&quot;:&quot;category&quot;,&quot;space_value&quot;:10}\">\n\t\t<div class=\"qodef-grid-inner clear\">\n\t\t\t<div class=\"qodef-grid-masonry-sizer\"><\/div>\n\t<div class=\"qodef-grid-masonry-gutter\"><\/div>\n<article class=\"qodef-e qodef-blog-item qodef-grid-item post-545 post type-post status-publish format-standard has-post-thumbnail hentry category-cuidado-capillar\">\n\t<div class=\"qodef-e-inner\">\n\t\t<div class=\"qodef-e-media\">\n\n\t\t<div class=\"qodef-e-media-image\">\n\t\t<a itemprop=\"url\" href=\"https:\/\/alfros.shop\/en\/o-poder-do-po-de-chebe\/\">\n\t\t\t<img fetchpriority=\"high\" decoding=\"async\" width=\"1300\" height=\"940\" src=\"https:\/\/alfros.shop\/wp-content\/uploads\/2019\/12\/blog-masonery-img1-1.webp\" class=\"attachment-full size-full\" alt=\"\" srcset=\"https:\/\/alfros.shop\/wp-content\/uploads\/2019\/12\/blog-masonery-img1-1.webp 1300w, https:\/\/alfros.shop\/wp-content\/uploads\/2019\/12\/blog-masonery-img1-1-300x217.webp 300w, https:\/\/alfros.shop\/wp-content\/uploads\/2019\/12\/blog-masonery-img1-1-1024x740.webp 1024w, https:\/\/alfros.shop\/wp-content\/uploads\/2019\/12\/blog-masonery-img1-1-768x555.webp 768w, https:\/\/alfros.shop\/wp-content\/uploads\/2019\/12\/blog-masonery-img1-1-18x12.webp 18w, https:\/\/alfros.shop\/wp-content\/uploads\/2019\/12\/blog-masonery-img1-1-600x434.webp 600w\" sizes=\"(max-width: 1300px) 100vw, 1300px\" \/>\t\t<\/a>\n\t<\/div>\n<\/div>\t\t<div class=\"qodef-e-content\" style=\"padding: 0px 0px 40px 0px\">\n\t\t\t<div class=\"qodef-e-info qodef-info--top\">\n\t\t\t\t<div itemprop=\"dateCreated\" class=\"qodef-e-info-item qodef-e-info-date entry-date\">\n\t<a itemprop=\"url\" href=\"https:\/\/alfros.shop\/en\/2019\/12\/\">\n\t\t18\/12\/2019\t<\/a>\n<\/div>\n<div class=\"qodef-e-info-item qodef-e-info-category\">\n\t<a href=\"https:\/\/alfros.shop\/en\/category\/cuidado-capillar\/\" rel=\"category tag\">Hair Care<\/a><\/div>\t\t\t<\/div>\n\t\t\t<div class=\"qodef-e-text\">\n\t\t\t\t<h4 itemprop=\"name\" class=\"qodef-e-title entry-title\">\n\t\t\t<a itemprop=\"url\" class=\"qodef-e-title-link\" href=\"https:\/\/alfros.shop\/en\/o-poder-do-po-de-chebe\/\">\n\t\t\tThe Power of Chebe Powder\t\t\t<\/a>\n\t<\/h4>\t\t<p itemprop=\"description\" class=\"qodef-e-excerpt\">\n\t\t\tVoc\u00ea j\u00e1 ouviu falar no p\u00f3 de chebe? Esse segredo africano est\u00e1 revolucionand\t\t<\/p>\n\t\t\t\t<\/div>\n\t\t\t\t\t\t\t<div class=\"qodef-e-info qodef-info--bottom\">\n\t\t\t\t\t<div class=\"qodef-e-info-left\">\n\t\t\t\t\t\t\t<div class=\"qodef-e-read-more\">\n\t\t<a class=\"qodef-shortcode qodef-m  qodef-button qodef-layout--textual  qodef-html--link\" href=\"https:\/\/alfros.shop\/en\/o-poder-do-po-de-chebe\/\" target=\"_self\"  >\t<span class=\"qodef-m-text\">Read More<\/span><\/a>\t<\/div>\n\t\t\t\t\t<\/div>\n\t\t\t\t<\/div>\n\t\t\t\t\t<\/div>\n\t<\/div>\n<\/article><article class=\"qodef-e qodef-blog-item qodef-grid-item post-9942 post type-post status-publish format-standard has-post-thumbnail hentry category-cuidado-capillar\">\n\t<div class=\"qodef-e-inner\">\n\t\t<div class=\"qodef-e-media\">\n\n\t\t<div class=\"qodef-e-media-image\">\n\t\t<a itemprop=\"url\" href=\"https:\/\/alfros.shop\/en\/como-cuidar-dos-teus-cachos-com-os-nossos-produtos\/\">\n\t\t\t<img decoding=\"async\" width=\"1300\" height=\"700\" src=\"https:\/\/alfros.shop\/wp-content\/uploads\/2023\/11\/h2-img1.webp\" class=\"attachment-full size-full wp-post-image\" alt=\"\" srcset=\"https:\/\/alfros.shop\/wp-content\/uploads\/2023\/11\/h2-img1.webp 1300w, https:\/\/alfros.shop\/wp-content\/uploads\/2023\/11\/h2-img1-300x162.webp 300w, https:\/\/alfros.shop\/wp-content\/uploads\/2023\/11\/h2-img1-1024x551.webp 1024w, https:\/\/alfros.shop\/wp-content\/uploads\/2023\/11\/h2-img1-768x414.webp 768w, https:\/\/alfros.shop\/wp-content\/uploads\/2023\/11\/h2-img1-600x323.webp 600w\" sizes=\"(max-width: 1300px) 100vw, 1300px\" \/>\t\t<\/a>\n\t<\/div>\n<\/div>\t\t<div class=\"qodef-e-content\" style=\"padding: 0px 0px 40px 0px\">\n\t\t\t<div class=\"qodef-e-info qodef-info--top\">\n\t\t\t\t<div itemprop=\"dateCreated\" class=\"qodef-e-info-item qodef-e-info-date entry-date\">\n\t<a itemprop=\"url\" href=\"https:\/\/alfros.shop\/en\/2025\/04\/\">\n\t\t19\/04\/2025\t<\/a>\n<\/div>\n<div class=\"qodef-e-info-item qodef-e-info-category\">\n\t<a href=\"https:\/\/alfros.shop\/en\/category\/cuidado-capillar\/\" rel=\"category tag\">Hair Care<\/a><\/div>\t\t\t<\/div>\n\t\t\t<div class=\"qodef-e-text\">\n\t\t\t\t<h4 itemprop=\"name\" class=\"qodef-e-title entry-title\">\n\t\t\t<a itemprop=\"url\" class=\"qodef-e-title-link\" href=\"https:\/\/alfros.shop\/en\/como-cuidar-dos-teus-cachos-com-os-nossos-produtos\/\">\n\t\t\tComo Cuidar dos Teus Cachos Com Os Nossos Produtos\t\t\t<\/a>\n\t<\/h4>\t\t<p itemprop=\"description\" class=\"qodef-e-excerpt\">\n\t\t\tCuidar de cabelos cacheados requer aten\u00e7\u00e3o especial, e a Alfros oferece uma li\t\t<\/p>\n\t\t\t\t<\/div>\n\t\t\t\t\t\t\t<div class=\"qodef-e-info qodef-info--bottom\">\n\t\t\t\t\t<div class=\"qodef-e-info-left\">\n\t\t\t\t\t\t\t<div class=\"qodef-e-read-more\">\n\t\t<a class=\"qodef-shortcode qodef-m  qodef-button qodef-layout--textual  qodef-html--link\" href=\"https:\/\/alfros.shop\/en\/como-cuidar-dos-teus-cachos-com-os-nossos-produtos\/\" target=\"_self\"  >\t<span class=\"qodef-m-text\">Read More<\/span><\/a>\t<\/div>\n\t\t\t\t\t<\/div>\n\t\t\t\t<\/div>\n\t\t\t\t\t<\/div>\n\t<\/div>\n<\/article>\t<\/div>\n\t<\/div>\t\t\t\t<\/div>\n\t\t\t\t<\/div>\n\t\t\t\t\t<\/div>\n\t\t<\/div>\n\t\t\t\t\t<\/div>\n\t\t<\/section>\n\t\t\t\t<\/div>","protected":false},"excerpt":{"rendered":"<p>12\/18\/2019 Cuidado Capillar O Poder do P\u00f3 de Chebe Voc\u00ea j\u00e1 ouviu falar no p\u00f3 de chebe? Esse segredo africano est\u00e1 revolucionand Read More 04\/19\/2025 Cuidado Capillar Como Cuidar dos Teus Cachos Com Os Nossos Produtos Cuidar de cabelos cacheados requer aten\u00e7\u00e3o especial, e a Alfros oferece uma li Read More<\/p>","protected":false},"author":1,"featured_media":0,"parent":0,"menu_order":0,"comment_status":"closed","ping_status":"closed","template":"","meta":{"footnotes":""},"class_list":["post-9937","page","type-page","status-publish","hentry"],"jetpack_sharing_enabled":true,"_links":{"self":[{"href":"https:\/\/alfros.shop\/en\/wp-json\/wp\/v2\/pages\/9937","targetHints":{"allow":["GET"]}}],"collection":[{"href":"https:\/\/alfros.shop\/en\/wp-json\/wp\/v2\/pages"}],"about":[{"href":"https:\/\/alfros.shop\/en\/wp-json\/wp\/v2\/types\/page"}],"author":[{"embeddable":true,"href":"https:\/\/alfros.shop\/en\/wp-json\/wp\/v2\/users\/1"}],"replies":[{"embeddable":true,"href":"https:\/\/alfros.shop\/en\/wp-json\/wp\/v2\/comments?post=9937"}],"version-history":[{"count":7,"href":"https:\/\/alfros.shop\/en\/wp-json\/wp\/v2\/pages\/9937\/revisions"}],"predecessor-version":[{"id":9952,"href":"https:\/\/alfros.shop\/en\/wp-json\/wp\/v2\/pages\/9937\/revisions\/9952"}],"wp:attachment":[{"href":"https:\/\/alfros.shop\/en\/wp-json\/wp\/v2\/media?parent=9937"}],"curies":[{"name":"wp","href":"https:\/\/api.w.org\/{rel}","templated":true}]}}