{"id":2488,"date":"2020-08-25T11:15:51","date_gmt":"2020-08-25T11:15:51","guid":{"rendered":"https:\/\/marra.qodeinteractive.com\/?page_id=2488"},"modified":"2025-04-19T18:22:58","modified_gmt":"2025-04-19T17:22:58","slug":"lifestyle-blog","status":"publish","type":"page","link":"https:\/\/alfros.shop\/en\/lifestyle-blog\/","title":{"rendered":"Lifestyle Blog"},"content":{"rendered":"<div data-elementor-type=\"wp-page\" data-elementor-id=\"2488\" class=\"elementor elementor-2488\">\n\t\t\t\t\t\t<section class=\"elementor-section elementor-top-section elementor-element elementor-element-3c64440 elementor-section-full_width elementor-section-height-default elementor-section-height-default qodef-elementor-content-no\" data-id=\"3c64440\" data-element_type=\"section\" data-settings=\"{&quot;background_background&quot;:&quot;classic&quot;}\">\n\t\t\t\t\t\t<div class=\"elementor-container elementor-column-gap-default\">\n\t\t\t\t\t<div class=\"elementor-column elementor-col-100 elementor-top-column elementor-element elementor-element-91c730d\" data-id=\"91c730d\" data-element_type=\"column\">\n\t\t\t<div class=\"elementor-widget-wrap elementor-element-populated\">\n\t\t\t\t\t\t<div class=\"elementor-element elementor-element-df22fbf elementor-widget elementor-widget-slider_revolution\" data-id=\"df22fbf\" data-element_type=\"widget\" data-widget_type=\"slider_revolution.default\">\n\t\t\t\t<div class=\"elementor-widget-container\">\n\t\t\t\t\t\n\t\t<div class=\"wp-block-themepunch-revslider\">\n\t\t\t<!-- START Lifestyle Blog REVOLUTION SLIDER 6.7.5 --><p class=\"rs-p-wp-fix\"><\/p>\n\t\t\t<rs-module-wrap id=\"rev_slider_5_1_wrapper\" data-source=\"gallery\" style=\"visibility:hidden;background:transparent;padding:0;margin:0px auto;margin-top:0;margin-bottom:0;\">\n\t\t\t\t<rs-module id=\"rev_slider_5_1\" style=\"\" data-version=\"6.7.5\">\n\t\t\t\t\t<rs-slides style=\"overflow: hidden; position: absolute;\">\n\t\t\t\t\t\t<rs-slide style=\"position: absolute;\" data-key=\"rs-6\" data-title=\"Slide\" data-anim=\"ms:1500;r:0;\" data-in=\"o:0;\" data-out=\"a:false;\">\n\t\t\t\t\t\t\t<img decoding=\"async\" src=\"\/\/alfros.shop\/wp-content\/plugins\/revslider\/sr6\/assets\/assets\/dummy.png\" alt=\"\" class=\"rev-slidebg tp-rs-img rs-lazyload\" data-lazyload=\"\/\/alfros.shop\/wp-content\/uploads\/2020\/09\/h8-rev.jpg\" data-no-retina>\n<!--\n\t\t\t\t\t\t\t--><rs-layer\n\t\t\t\t\t\t\t\tid=\"slider-5-slide-6-layer-0\" \n\t\t\t\t\t\t\t\tdata-type=\"text\"\n\t\t\t\t\t\t\t\tdata-rsp_ch=\"on\"\n\t\t\t\t\t\t\t\tdata-xy=\"x:c;xo:-4px,-3px,0,12px;y:m;yo:-123px,-122px,-120px,-131px;\"\n\t\t\t\t\t\t\t\tdata-text=\"w:normal;s:11,10,16,8;l:13,12,19,10;fw:300;a:center;\"\n\t\t\t\t\t\t\t\tdata-dim=\"w:101px,93px,59px,114px;h:13px,12px,7px,auto;\"\n\t\t\t\t\t\t\t\tdata-frame_0=\"y:50,46,29,18;\"\n\t\t\t\t\t\t\t\tdata-frame_1=\"st:200;sp:1000;\"\n\t\t\t\t\t\t\t\tdata-frame_999=\"o:1;st:w;sR:2410;\"\n\t\t\t\t\t\t\t\tstyle=\"z-index:8;font-family:'Roboto';\"\n\t\t\t\t\t\t\t><div class=\"qodef-shortcode qodef-m  qodef-section-title qodef-alignment--center\">\n\t\t<div class=\"qodef-m-tagline\" style=\"color: #FFFFFF\">\n\t\tbeauty\t<\/div>\n\t<div class=\"qodef-main-content\">\n\t\t\t\t\t<\/div>\n<\/div> \n\t\t\t\t\t\t\t<\/rs-layer><!--\n\n\t\t\t\t\t\t\t--><rs-layer\n\t\t\t\t\t\t\t\tid=\"slider-5-slide-6-layer-1\" \n\t\t\t\t\t\t\t\tdata-type=\"text\"\n\t\t\t\t\t\t\t\tdata-rsp_ch=\"on\"\n\t\t\t\t\t\t\t\tdata-xy=\"x:c;xo:3px,2px,10px,0;y:m;yo:138px,125px,100px,76px;\"\n\t\t\t\t\t\t\t\tdata-text=\"w:normal;s:11,10,6,13;l:15,13,8,16;a:left,left,left,center;\"\n\t\t\t\t\t\t\t\tdata-dim=\"w:231px,213px,190px,212px;h:139px,128px,65px,auto;\"\n\t\t\t\t\t\t\t\tdata-frame_0=\"y:50,46,29,18;\"\n\t\t\t\t\t\t\t\tdata-frame_1=\"st:500;sp:1000;\"\n\t\t\t\t\t\t\t\tdata-frame_999=\"o:1;st:w;sp:500;sR:2300;\"\n\t\t\t\t\t\t\t\tstyle=\"z-index:9;font-family:'Roboto';\"\n\t\t\t\t\t\t\t><a class=\"qodef-shortcode qodef-m  qodef-button qodef-layout--outlined  qodef-html--link\" href=\"https:\/\/marra.qodeinteractive.com\/right-sidebar\/\" target=\"_self\" data-hover-color=\"#000000\" data-hover-background-color=\"#ffffff\" data-hover-border-color=\"#ffffff\" style=\"color: #FFFFFF;border-color: #ffffff;font-size: 11px\">\n\t<span class=\"qodef-m-text\">read more<\/span>\n<\/a> \n\t\t\t\t\t\t\t<\/rs-layer><!--\n\n\t\t\t\t\t\t\t--><rs-layer\n\t\t\t\t\t\t\t\tid=\"slider-5-slide-6-layer-3\" \n\t\t\t\t\t\t\t\tdata-type=\"text\"\n\t\t\t\t\t\t\t\tdata-color=\"#f0f0f0\"\n\t\t\t\t\t\t\t\tdata-rsp_ch=\"on\"\n\t\t\t\t\t\t\t\tdata-xy=\"x:c;y:m;yo:7px,8px,6px,70px;\"\n\t\t\t\t\t\t\t\tdata-text=\"w:normal;s:21,21,20,20;l:30,27,22,22;a:center;\"\n\t\t\t\t\t\t\t\tdata-dim=\"w:608px,615px,573px,419px;\"\n\t\t\t\t\t\t\t\tdata-vbility=\"t,t,t,f\"\n\t\t\t\t\t\t\t\tdata-frame_0=\"y:50,46,29,18;\"\n\t\t\t\t\t\t\t\tdata-frame_1=\"st:400;sp:1000;\"\n\t\t\t\t\t\t\t\tdata-frame_999=\"o:1;st:w;sp:500;sR:2200;\"\n\t\t\t\t\t\t\t\tstyle=\"z-index:10;font-family:'Quattrocento';\"\n\t\t\t\t\t\t\t>Morem ipsum dolor sit amet, consectetur adipisicing elit sed do eiusmod tempor incididunt ut labore et dolore magna aliqua.  \n\t\t\t\t\t\t\t<\/rs-layer><!--\n\n\t\t\t\t\t\t\t--><rs-layer\n\t\t\t\t\t\t\t\tid=\"slider-5-slide-6-layer-4\" \n\t\t\t\t\t\t\t\tdata-type=\"text\"\n\t\t\t\t\t\t\t\tdata-rsp_ch=\"on\"\n\t\t\t\t\t\t\t\tdata-xy=\"x:c;y:m;yo:-78px,-75px,-70px,-60px;\"\n\t\t\t\t\t\t\t\tdata-text=\"w:nowrap,nowrap,nowrap,normal;s:70,70,55,55;l:25,23,57,57;ls:-2px,-1px,0px,0px;a:center;\"\n\t\t\t\t\t\t\t\tdata-dim=\"w:1035px,955px,751px,405px;\"\n\t\t\t\t\t\t\t\tdata-frame_0=\"y:50,46,29,18;\"\n\t\t\t\t\t\t\t\tdata-frame_1=\"st:300;sp:1000;\"\n\t\t\t\t\t\t\t\tdata-frame_999=\"o:1;st:w;\"\n\t\t\t\t\t\t\t\tstyle=\"z-index:11;font-family:'Muli';\"\n\t\t\t\t\t\t\t>Your beauty matters here<br \/>\n \n\t\t\t\t\t\t\t<\/rs-layer><!--\n-->\t\t\t\t\t<\/rs-slide>\n\t\t\t\t\t<\/rs-slides>\n\t\t\t\t<\/rs-module>\n\t\t\t\t<script>\n\t\t\t\t\tsetREVStartSize({c: 'rev_slider_5_1',rl:[1240,1024,778,480],el:[600,600,964,768],gw:[1300,1200,768,480],gh:[600,600,965,768],type:'hero',justify:'',layout:'fullwidth',mh:\"0\"});if (window.RS_MODULES!==undefined && window.RS_MODULES.modules!==undefined && window.RS_MODULES.modules[\"revslider51\"]!==undefined) {window.RS_MODULES.modules[\"revslider51\"].once = false;window.revapi5 = undefined;if (window.RS_MODULES.checkMinimal!==undefined) window.RS_MODULES.checkMinimal()}\n\t\t\t\t<\/script>\n\t\t\t<\/rs-module-wrap>\n\t\t\t<!-- END REVOLUTION SLIDER -->\n<\/div>\n\n\t\t\t\t\t\t<\/div>\n\t\t\t\t<\/div>\n\t\t\t\t\t<\/div>\n\t\t<\/div>\n\t\t\t\t\t<\/div>\n\t\t<\/section>\n\t\t\t\t<section class=\"elementor-section elementor-top-section elementor-element elementor-element-f431ece elementor-section-full_width qodef-elementor-content-grid elementor-section-height-default elementor-section-height-default\" data-id=\"f431ece\" data-element_type=\"section\">\n\t\t\t\t\t\t<div class=\"elementor-container elementor-column-gap-default\">\n\t\t\t\t\t<div class=\"elementor-column elementor-col-100 elementor-top-column elementor-element elementor-element-04a5320\" data-id=\"04a5320\" data-element_type=\"column\">\n\t\t\t<div class=\"elementor-widget-wrap elementor-element-populated\">\n\t\t\t\t\t\t<div class=\"elementor-element elementor-element-695a0f3 elementor-widget elementor-widget-marra_core_blog_list\" data-id=\"695a0f3\" data-element_type=\"widget\" data-widget_type=\"marra_core_blog_list.default\">\n\t\t\t\t<div class=\"elementor-widget-container\">\n\t\t\t\t\t<div class=\"qodef-shortcode qodef-m  qodef-blog qodef--list qodef-item-layout--standard qodef-centered-layout--enabled qodef-grid qodef-layout--masonry  qodef-gutter--small qodef-col-num--3 qodef-item-layout--standard qodef-pagination--on qodef-pagination-type--load-more qodef-responsive--custom qodef-col-num--1440--3 qodef-col-num--1366--3 qodef-col-num--1024--2 qodef-col-num--768--2 qodef-col-num--680--1 qodef-col-num--480--1\" data-options=\"{&quot;plugin&quot;:&quot;marra_core&quot;,&quot;module&quot;:&quot;blog\\\/shortcodes&quot;,&quot;shortcode&quot;:&quot;blog-list&quot;,&quot;post_type&quot;:&quot;post&quot;,&quot;next_page&quot;:&quot;2&quot;,&quot;max_pages_num&quot;:1,&quot;behavior&quot;:&quot;masonry&quot;,&quot;images_proportion&quot;:&quot;full&quot;,&quot;columns&quot;:&quot;3&quot;,&quot;columns_responsive&quot;:&quot;custom&quot;,&quot;columns_1440&quot;:&quot;3&quot;,&quot;columns_1366&quot;:&quot;3&quot;,&quot;columns_1024&quot;:&quot;2&quot;,&quot;columns_768&quot;:&quot;2&quot;,&quot;columns_680&quot;:&quot;1&quot;,&quot;columns_480&quot;:&quot;1&quot;,&quot;space&quot;:&quot;small&quot;,&quot;posts_per_page&quot;:&quot;9&quot;,&quot;orderby&quot;:&quot;date&quot;,&quot;order&quot;:&quot;ASC&quot;,&quot;additional_params&quot;:&quot;tax&quot;,&quot;tax&quot;:&quot;category&quot;,&quot;layout&quot;:&quot;standard&quot;,&quot;title_tag&quot;:&quot;h4&quot;,&quot;excerpt_length&quot;:&quot;80&quot;,&quot;content_padding&quot;:&quot;0px 0px 40px 0px&quot;,&quot;pagination_type&quot;:&quot;load-more&quot;,&quot;center_content&quot;:&quot;yes&quot;,&quot;enable_image&quot;:&quot;yes&quot;,&quot;enable_author&quot;:&quot;no&quot;,&quot;enable_date&quot;:&quot;yes&quot;,&quot;enable_category&quot;:&quot;yes&quot;,&quot;enable_excerpt&quot;:&quot;yes&quot;,&quot;enable_button&quot;:&quot;yes&quot;,&quot;button_layout&quot;:&quot;textual&quot;,&quot;object_class_name&quot;:&quot;MarraCoreBlogListShortcode&quot;,&quot;taxonomy_filter&quot;:&quot;category&quot;,&quot;space_value&quot;:10}\">\n\t\t<div class=\"qodef-grid-inner clear\">\n\t\t\t<div class=\"qodef-grid-masonry-sizer\"><\/div>\n\t<div class=\"qodef-grid-masonry-gutter\"><\/div>\n<article class=\"qodef-e qodef-blog-item qodef-grid-item post-545 post type-post status-publish format-standard has-post-thumbnail hentry category-cuidado-capillar\">\n\t<div class=\"qodef-e-inner\">\n\t\t<div class=\"qodef-e-media\">\n\n\t\t<div class=\"qodef-e-media-image\">\n\t\t<a itemprop=\"url\" href=\"https:\/\/alfros.shop\/en\/o-poder-do-po-de-chebe\/\">\n\t\t\t<img fetchpriority=\"high\" decoding=\"async\" width=\"1300\" height=\"940\" src=\"https:\/\/alfros.shop\/wp-content\/uploads\/2019\/12\/blog-masonery-img1-1.webp\" class=\"attachment-full size-full\" alt=\"\" srcset=\"https:\/\/alfros.shop\/wp-content\/uploads\/2019\/12\/blog-masonery-img1-1.webp 1300w, https:\/\/alfros.shop\/wp-content\/uploads\/2019\/12\/blog-masonery-img1-1-300x217.webp 300w, https:\/\/alfros.shop\/wp-content\/uploads\/2019\/12\/blog-masonery-img1-1-1024x740.webp 1024w, https:\/\/alfros.shop\/wp-content\/uploads\/2019\/12\/blog-masonery-img1-1-768x555.webp 768w, https:\/\/alfros.shop\/wp-content\/uploads\/2019\/12\/blog-masonery-img1-1-18x12.webp 18w, https:\/\/alfros.shop\/wp-content\/uploads\/2019\/12\/blog-masonery-img1-1-600x434.webp 600w\" sizes=\"(max-width: 1300px) 100vw, 1300px\" \/>\t\t<\/a>\n\t<\/div>\n<\/div>\t\t<div class=\"qodef-e-content\" style=\"padding: 0px 0px 40px 0px\">\n\t\t\t<div class=\"qodef-e-info qodef-info--top\">\n\t\t\t\t<div itemprop=\"dateCreated\" class=\"qodef-e-info-item qodef-e-info-date entry-date\">\n\t<a itemprop=\"url\" href=\"https:\/\/alfros.shop\/en\/2019\/12\/\">\n\t\t18\/12\/2019\t<\/a>\n<\/div>\n<div class=\"qodef-e-info-item qodef-e-info-category\">\n\t<a href=\"https:\/\/alfros.shop\/en\/category\/cuidado-capillar\/\" rel=\"category tag\">Hair Care<\/a><\/div>\t\t\t<\/div>\n\t\t\t<div class=\"qodef-e-text\">\n\t\t\t\t<h4 itemprop=\"name\" class=\"qodef-e-title entry-title\">\n\t\t\t<a itemprop=\"url\" class=\"qodef-e-title-link\" href=\"https:\/\/alfros.shop\/en\/o-poder-do-po-de-chebe\/\">\n\t\t\tThe Power of Chebe Powder\t\t\t<\/a>\n\t<\/h4>\t\t<p itemprop=\"description\" class=\"qodef-e-excerpt\">\n\t\t\tVoc\u00ea j\u00e1 ouviu falar no p\u00f3 de chebe? Esse segredo africano est\u00e1 revolucionand\t\t<\/p>\n\t\t\t\t<\/div>\n\t\t\t\t\t\t\t<div class=\"qodef-e-info qodef-info--bottom\">\n\t\t\t\t\t<div class=\"qodef-e-info-left\">\n\t\t\t\t\t\t\t<div class=\"qodef-e-read-more\">\n\t\t<a class=\"qodef-shortcode qodef-m  qodef-button qodef-layout--textual  qodef-html--link\" href=\"https:\/\/alfros.shop\/en\/o-poder-do-po-de-chebe\/\" target=\"_self\"  >\t<span class=\"qodef-m-text\">Read More<\/span><\/a>\t<\/div>\n\t\t\t\t\t<\/div>\n\t\t\t\t<\/div>\n\t\t\t\t\t<\/div>\n\t<\/div>\n<\/article><article class=\"qodef-e qodef-blog-item qodef-grid-item post-9942 post type-post status-publish format-standard has-post-thumbnail hentry category-cuidado-capillar\">\n\t<div class=\"qodef-e-inner\">\n\t\t<div class=\"qodef-e-media\">\n\n\t\t<div class=\"qodef-e-media-image\">\n\t\t<a itemprop=\"url\" href=\"https:\/\/alfros.shop\/en\/como-cuidar-dos-teus-cachos-com-os-nossos-produtos\/\">\n\t\t\t<img decoding=\"async\" width=\"1300\" height=\"700\" src=\"https:\/\/alfros.shop\/wp-content\/uploads\/2023\/11\/h2-img1.webp\" class=\"attachment-full size-full wp-post-image\" alt=\"\" srcset=\"https:\/\/alfros.shop\/wp-content\/uploads\/2023\/11\/h2-img1.webp 1300w, https:\/\/alfros.shop\/wp-content\/uploads\/2023\/11\/h2-img1-300x162.webp 300w, https:\/\/alfros.shop\/wp-content\/uploads\/2023\/11\/h2-img1-1024x551.webp 1024w, https:\/\/alfros.shop\/wp-content\/uploads\/2023\/11\/h2-img1-768x414.webp 768w, https:\/\/alfros.shop\/wp-content\/uploads\/2023\/11\/h2-img1-600x323.webp 600w\" sizes=\"(max-width: 1300px) 100vw, 1300px\" \/>\t\t<\/a>\n\t<\/div>\n<\/div>\t\t<div class=\"qodef-e-content\" style=\"padding: 0px 0px 40px 0px\">\n\t\t\t<div class=\"qodef-e-info qodef-info--top\">\n\t\t\t\t<div itemprop=\"dateCreated\" class=\"qodef-e-info-item qodef-e-info-date entry-date\">\n\t<a itemprop=\"url\" href=\"https:\/\/alfros.shop\/en\/2025\/04\/\">\n\t\t19\/04\/2025\t<\/a>\n<\/div>\n<div class=\"qodef-e-info-item qodef-e-info-category\">\n\t<a href=\"https:\/\/alfros.shop\/en\/category\/cuidado-capillar\/\" rel=\"category tag\">Hair Care<\/a><\/div>\t\t\t<\/div>\n\t\t\t<div class=\"qodef-e-text\">\n\t\t\t\t<h4 itemprop=\"name\" class=\"qodef-e-title entry-title\">\n\t\t\t<a itemprop=\"url\" class=\"qodef-e-title-link\" href=\"https:\/\/alfros.shop\/en\/como-cuidar-dos-teus-cachos-com-os-nossos-produtos\/\">\n\t\t\tComo Cuidar dos Teus Cachos Com Os Nossos Produtos\t\t\t<\/a>\n\t<\/h4>\t\t<p itemprop=\"description\" class=\"qodef-e-excerpt\">\n\t\t\tCuidar de cabelos cacheados requer aten\u00e7\u00e3o especial, e a Alfros oferece uma li\t\t<\/p>\n\t\t\t\t<\/div>\n\t\t\t\t\t\t\t<div class=\"qodef-e-info qodef-info--bottom\">\n\t\t\t\t\t<div class=\"qodef-e-info-left\">\n\t\t\t\t\t\t\t<div class=\"qodef-e-read-more\">\n\t\t<a class=\"qodef-shortcode qodef-m  qodef-button qodef-layout--textual  qodef-html--link\" href=\"https:\/\/alfros.shop\/en\/como-cuidar-dos-teus-cachos-com-os-nossos-produtos\/\" target=\"_self\"  >\t<span class=\"qodef-m-text\">Read More<\/span><\/a>\t<\/div>\n\t\t\t\t\t<\/div>\n\t\t\t\t<\/div>\n\t\t\t\t\t<\/div>\n\t<\/div>\n<\/article>\t<\/div>\n\t<\/div>\t\t\t\t<\/div>\n\t\t\t\t<\/div>\n\t\t\t\t\t<\/div>\n\t\t<\/div>\n\t\t\t\t\t<\/div>\n\t\t<\/section>\n\t\t<div class=\"elementor-element elementor-element-42580ac e-con-full e-flex e-con e-parent\" data-id=\"42580ac\" data-element_type=\"container\">\n\t\t\t\t<\/div>\n\t\t<div class=\"elementor-element elementor-element-8fa7082 e-flex e-con-boxed e-con e-parent\" data-id=\"8fa7082\" data-element_type=\"container\">\n\t\t\t\t\t<div class=\"e-con-inner\">\n\t\t\t\t<div class=\"elementor-element elementor-element-c64ccab elementor-widget elementor-widget-spacer\" data-id=\"c64ccab\" data-element_type=\"widget\" data-widget_type=\"spacer.default\">\n\t\t\t\t<div class=\"elementor-widget-container\">\n\t\t\t\t\t\t\t<div class=\"elementor-spacer\">\n\t\t\t<div class=\"elementor-spacer-inner\"><\/div>\n\t\t<\/div>\n\t\t\t\t\t\t<\/div>\n\t\t\t\t<\/div>\n\t\t\t\t\t<\/div>\n\t\t\t\t<\/div>\n\t\t\t\t<\/div>","protected":false},"excerpt":{"rendered":"<p>12\/18\/2019 Cuidado Capillar O Poder do P\u00f3 de Chebe Voc\u00ea j\u00e1 ouviu falar no p\u00f3 de chebe? Esse segredo africano est\u00e1 revolucionand Read More 04\/19\/2025 Cuidado Capillar Como Cuidar dos Teus Cachos Com Os Nossos Produtos Cuidar de cabelos cacheados requer aten\u00e7\u00e3o especial, e a Alfros oferece uma li Read More<\/p>","protected":false},"author":1,"featured_media":0,"parent":0,"menu_order":0,"comment_status":"closed","ping_status":"closed","template":"page-full-width.php","meta":{"footnotes":""},"class_list":["post-2488","page","type-page","status-publish","hentry"],"jetpack_sharing_enabled":true,"_links":{"self":[{"href":"https:\/\/alfros.shop\/en\/wp-json\/wp\/v2\/pages\/2488","targetHints":{"allow":["GET"]}}],"collection":[{"href":"https:\/\/alfros.shop\/en\/wp-json\/wp\/v2\/pages"}],"about":[{"href":"https:\/\/alfros.shop\/en\/wp-json\/wp\/v2\/types\/page"}],"author":[{"embeddable":true,"href":"https:\/\/alfros.shop\/en\/wp-json\/wp\/v2\/users\/1"}],"replies":[{"embeddable":true,"href":"https:\/\/alfros.shop\/en\/wp-json\/wp\/v2\/comments?post=2488"}],"version-history":[{"count":8,"href":"https:\/\/alfros.shop\/en\/wp-json\/wp\/v2\/pages\/2488\/revisions"}],"predecessor-version":[{"id":9949,"href":"https:\/\/alfros.shop\/en\/wp-json\/wp\/v2\/pages\/2488\/revisions\/9949"}],"wp:attachment":[{"href":"https:\/\/alfros.shop\/en\/wp-json\/wp\/v2\/media?parent=2488"}],"curies":[{"name":"wp","href":"https:\/\/api.w.org\/{rel}","templated":true}]}}