{"id":1939,"date":"2020-08-21T07:49:59","date_gmt":"2020-08-21T07:49:59","guid":{"rendered":"https:\/\/marra.qodeinteractive.com\/?page_id=1939"},"modified":"2023-11-17T07:38:21","modified_gmt":"2023-11-17T07:38:21","slug":"sobre-nos","status":"publish","type":"page","link":"https:\/\/alfros.shop\/en\/sobre-nos\/","title":{"rendered":"About Us"},"content":{"rendered":"<div data-elementor-type=\"wp-page\" data-elementor-id=\"1939\" class=\"elementor elementor-1939\">\n\t\t\t\t\t\t<section class=\"elementor-section elementor-top-section elementor-element elementor-element-be385d4 elementor-section-full_width qodef-elementor-content-grid elementor-section-height-default elementor-section-height-default\" data-id=\"be385d4\" data-element_type=\"section\" data-settings=\"{&quot;background_background&quot;:&quot;classic&quot;}\">\n\t\t\t\t\t\t<div class=\"elementor-container elementor-column-gap-default\">\n\t\t\t\t\t<div class=\"elementor-column elementor-col-100 elementor-top-column elementor-element elementor-element-0a95980\" data-id=\"0a95980\" data-element_type=\"column\" data-settings=\"{&quot;background_background&quot;:&quot;classic&quot;}\">\n\t\t\t<div class=\"elementor-widget-wrap elementor-element-populated\">\n\t\t\t\t\t\t<div class=\"elementor-element elementor-element-b7b2920 elementor-widget elementor-widget-marra_core_section_title\" data-id=\"b7b2920\" data-element_type=\"widget\" data-widget_type=\"marra_core_section_title.default\">\n\t\t\t\t<div class=\"elementor-widget-container\">\n\t\t\t\t\t<div class=\"qodef-shortcode qodef-m  qodef-section-title qodef-alignment--left  qodef-layout--2-columns\">\n\t\t<div class=\"qodef-main-content\">\n\t\t\t<div class=\"qodef-m-title\" style=\"margin-bottom: 15px\">\n\t\t\t\t\tWe are an exclusive brand of products that not only promote hair growth, but also revitalize your hair in a completely natural way.\t\t\t<\/div>\n\t\t\t<p class=\"qodef-m-text\" style=\"margin-top: 2px;color: #666666\">Our product line is formulated with a careful selection of ingredients sourced from nature, ensuring that each item is 100% vegan and free from harmful components.  At Alfros, we believe in the power of secrets passed down through generations of tribal women, and it is this ancestral wisdom that inspires our formulas.  Rich in essential amino acids and vitamins, our range of products not only stimulates hair growth, but also repairs damage, providing visible and long-lasting results.<\/p>\n\t<\/div>\n<\/div>\t\t\t\t<\/div>\n\t\t\t\t<\/div>\n\t\t\t\t\t<\/div>\n\t\t<\/div>\n\t\t\t\t\t<\/div>\n\t\t<\/section>\n\t\t\t\t<section class=\"elementor-section elementor-top-section elementor-element elementor-element-469970a elementor-section-full_width qodef-elementor-content-grid elementor-section-height-default elementor-section-height-default\" data-id=\"469970a\" data-element_type=\"section\" data-settings=\"{&quot;background_background&quot;:&quot;classic&quot;}\">\n\t\t\t\t\t\t<div class=\"elementor-container elementor-column-gap-default\">\n\t\t\t\t\t<div class=\"elementor-column elementor-col-25 elementor-top-column elementor-element elementor-element-d417cb9\" data-id=\"d417cb9\" data-element_type=\"column\">\n\t\t\t<div class=\"elementor-widget-wrap elementor-element-populated\">\n\t\t\t\t\t\t<div class=\"elementor-element elementor-element-d376850 elementor-widget__width-initial elementor-widget elementor-widget-marra_core_icon_with_text\" data-id=\"d376850\" data-element_type=\"widget\" data-widget_type=\"marra_core_icon_with_text.default\">\n\t\t\t\t<div class=\"elementor-widget-container\">\n\t\t\t\t\t<div class=\"qodef-shortcode qodef-m  qodef-icon-with-text qodef-layout--top qodef--custom-icon qodef-alignment--center\">\n\t<div class=\"qodef-m-icon-wrapper\">\n\t\t\t\t\t<img decoding=\"async\" width=\"56\" height=\"45\" src=\"https:\/\/alfros.shop\/wp-content\/uploads\/2020\/10\/h4-img2.png\" class=\"attachment-full size-full\" alt=\"a\" \/>\t\t<\/div>\n\t<div class=\"qodef-m-content\">\n\t\t\t<h5 class=\"qodef-m-title\" style=\"margin-top: 10px\">\n\t\t\t\t\t<span class=\"qodef-m-title-text\">Quality you deserve<\/span>\n\t\t\t<\/h5>\n\t\t\t<\/div>\n<\/div>\t\t\t\t<\/div>\n\t\t\t\t<\/div>\n\t\t\t\t\t<\/div>\n\t\t<\/div>\n\t\t\t\t<div class=\"elementor-column elementor-col-25 elementor-top-column elementor-element elementor-element-20897e4\" data-id=\"20897e4\" data-element_type=\"column\">\n\t\t\t<div class=\"elementor-widget-wrap elementor-element-populated\">\n\t\t\t\t\t\t<div class=\"elementor-element elementor-element-31eaa18 elementor-widget__width-initial elementor-widget elementor-widget-marra_core_icon_with_text\" data-id=\"31eaa18\" data-element_type=\"widget\" data-widget_type=\"marra_core_icon_with_text.default\">\n\t\t\t\t<div class=\"elementor-widget-container\">\n\t\t\t\t\t<div class=\"qodef-shortcode qodef-m  qodef-icon-with-text qodef-layout--top qodef--custom-icon qodef-alignment--center\">\n\t<div class=\"qodef-m-icon-wrapper\">\n\t\t\t\t\t<img decoding=\"async\" width=\"56\" height=\"45\" src=\"https:\/\/alfros.shop\/wp-content\/uploads\/2020\/10\/h4-img3.png\" class=\"attachment-full size-full\" alt=\"a\" \/>\t\t<\/div>\n\t<div class=\"qodef-m-content\">\n\t\t\t<h5 class=\"qodef-m-title\" style=\"margin-top: 10px\">\n\t\t\t\t\t<span class=\"qodef-m-title-text\">Natural and organic products<\/span>\n\t\t\t<\/h5>\n\t\t\t<\/div>\n<\/div>\t\t\t\t<\/div>\n\t\t\t\t<\/div>\n\t\t\t\t\t<\/div>\n\t\t<\/div>\n\t\t\t\t<div class=\"elementor-column elementor-col-25 elementor-top-column elementor-element elementor-element-4e80ceb\" data-id=\"4e80ceb\" data-element_type=\"column\">\n\t\t\t<div class=\"elementor-widget-wrap elementor-element-populated\">\n\t\t\t\t\t\t<div class=\"elementor-element elementor-element-0ab154e elementor-widget__width-initial elementor-widget elementor-widget-marra_core_icon_with_text\" data-id=\"0ab154e\" data-element_type=\"widget\" data-widget_type=\"marra_core_icon_with_text.default\">\n\t\t\t\t<div class=\"elementor-widget-container\">\n\t\t\t\t\t<div class=\"qodef-shortcode qodef-m  qodef-icon-with-text qodef-layout--top qodef--custom-icon qodef-alignment--center\">\n\t<div class=\"qodef-m-icon-wrapper\">\n\t\t\t\t\t<img decoding=\"async\" width=\"56\" height=\"45\" src=\"https:\/\/alfros.shop\/wp-content\/uploads\/2020\/10\/h4-img4.png\" class=\"attachment-full size-full\" alt=\"a\" \/>\t\t<\/div>\n\t<div class=\"qodef-m-content\">\n\t\t\t<h5 class=\"qodef-m-title\" style=\"margin-top: 10px\">\n\t\t\t\t\t<span class=\"qodef-m-title-text\">Not tested on animals<\/span>\n\t\t\t<\/h5>\n\t\t\t<\/div>\n<\/div>\t\t\t\t<\/div>\n\t\t\t\t<\/div>\n\t\t\t\t\t<\/div>\n\t\t<\/div>\n\t\t\t\t<div class=\"elementor-column elementor-col-25 elementor-top-column elementor-element elementor-element-323c5ce\" data-id=\"323c5ce\" data-element_type=\"column\">\n\t\t\t<div class=\"elementor-widget-wrap elementor-element-populated\">\n\t\t\t\t\t\t<div class=\"elementor-element elementor-element-0fe22c6 elementor-widget__width-initial elementor-widget elementor-widget-marra_core_icon_with_text\" data-id=\"0fe22c6\" data-element_type=\"widget\" data-widget_type=\"marra_core_icon_with_text.default\">\n\t\t\t\t<div class=\"elementor-widget-container\">\n\t\t\t\t\t<div class=\"qodef-shortcode qodef-m  qodef-icon-with-text qodef-layout--top qodef--custom-icon qodef-alignment--center\">\n\t<div class=\"qodef-m-icon-wrapper\">\n\t\t\t\t\t<img loading=\"lazy\" decoding=\"async\" width=\"56\" height=\"45\" src=\"https:\/\/alfros.shop\/wp-content\/uploads\/2020\/10\/h4-img5.png\" class=\"attachment-full size-full\" alt=\"a\" \/>\t\t<\/div>\n\t<div class=\"qodef-m-content\">\n\t\t\t<h5 class=\"qodef-m-title\" style=\"margin-top: 10px\">\n\t\t\t\t\t<span class=\"qodef-m-title-text\">Clinically tested<\/span>\n\t\t\t<\/h5>\n\t\t\t<\/div>\n<\/div>\t\t\t\t<\/div>\n\t\t\t\t<\/div>\n\t\t\t\t\t<\/div>\n\t\t<\/div>\n\t\t\t\t\t<\/div>\n\t\t<\/section>\n\t\t\t\t<section class=\"elementor-section elementor-top-section elementor-element elementor-element-a4f5ad4 elementor-section-full_width elementor-section-content-middle qodef-elementor-content-grid elementor-section-height-default elementor-section-height-default\" data-id=\"a4f5ad4\" data-element_type=\"section\" data-settings=\"{&quot;background_background&quot;:&quot;classic&quot;}\">\n\t\t\t\t\t\t<div class=\"elementor-container elementor-column-gap-default\">\n\t\t\t\t\t<div class=\"elementor-column elementor-col-100 elementor-top-column elementor-element elementor-element-41c887c\" data-id=\"41c887c\" data-element_type=\"column\">\n\t\t\t<div class=\"elementor-widget-wrap elementor-element-populated\">\n\t\t\t\t\t\t<div class=\"elementor-element elementor-element-eb3f241 elementor-widget elementor-widget-marra_core_video_button\" data-id=\"eb3f241\" data-element_type=\"widget\" data-widget_type=\"marra_core_video_button.default\">\n\t\t\t\t<div class=\"elementor-widget-container\">\n\t\t\t\t\t<div class=\"qodef-shortcode qodef-m  qodef-video-button qodef--has-img qodef-title-break--disabled qode-custom-layout--enabled\">\n\t    <div class=\"qodef-m-image\">\n\t\t<img loading=\"lazy\" decoding=\"async\" width=\"1300\" height=\"700\" src=\"https:\/\/alfros.shop\/wp-content\/uploads\/2023\/11\/h2-img1.webp\" class=\"attachment-full size-full\" alt=\"\" srcset=\"https:\/\/alfros.shop\/wp-content\/uploads\/2023\/11\/h2-img1.webp 1300w, https:\/\/alfros.shop\/wp-content\/uploads\/2023\/11\/h2-img1-300x162.webp 300w, https:\/\/alfros.shop\/wp-content\/uploads\/2023\/11\/h2-img1-1024x551.webp 1024w, https:\/\/alfros.shop\/wp-content\/uploads\/2023\/11\/h2-img1-768x414.webp 768w, https:\/\/alfros.shop\/wp-content\/uploads\/2023\/11\/h2-img1-600x323.webp 600w\" sizes=\"(max-width: 1300px) 100vw, 1300px\" \/>    <\/div>\n\t\t<a itemprop=\"url\" class=\"qodef-m-play qodef-magnific-popup qodef-popup-item\"  href=\"https:\/\/youtube.com\/shorts\/pBLJN2Qox3U?si=pVAGbIFbWhEcUu0_\" data-type=\"iframe\">\n\t\t\t<h4 class=\"qodef-m-title\" >\n\t\tWelcome to Alfros\t<\/h4>\n\t\t<span class=\"qodef-m-play-inner\">\n\t\t\t<span class=\"qodef-icon-elegant-icons arrow_triangle-right\" ><\/span>\t\t<\/span>\n\t<\/a>\n<\/div>\t\t\t\t<\/div>\n\t\t\t\t<\/div>\n\t\t\t\t\t<\/div>\n\t\t<\/div>\n\t\t\t\t\t<\/div>\n\t\t<\/section>\n\t\t\t\t<section class=\"elementor-section elementor-top-section elementor-element elementor-element-4676d48 elementor-section-full_width elementor-section-content-middle qodef-elementor-content-grid elementor-hidden-desktop elementor-hidden-tablet elementor-hidden-mobile elementor-section-height-default elementor-section-height-default\" data-id=\"4676d48\" data-element_type=\"section\">\n\t\t\t\t\t\t<div class=\"elementor-container elementor-column-gap-default\">\n\t\t\t\t\t<div class=\"elementor-column elementor-col-25 elementor-top-column elementor-element elementor-element-e124d92\" data-id=\"e124d92\" data-element_type=\"column\">\n\t\t\t<div class=\"elementor-widget-wrap elementor-element-populated\">\n\t\t\t\t\t\t<div class=\"elementor-element elementor-element-61e3818 elementor-widget__width-initial elementor-widget elementor-widget-marra_core_icon_with_text\" data-id=\"61e3818\" data-element_type=\"widget\" data-widget_type=\"marra_core_icon_with_text.default\">\n\t\t\t\t<div class=\"elementor-widget-container\">\n\t\t\t\t\t<div class=\"qodef-shortcode qodef-m  qodef-icon-with-text qodef-layout--top qodef--custom-icon qodef-alignment--center\">\n\t<div class=\"qodef-m-icon-wrapper\">\n\t\t\t\t\t\t\t<\/div>\n\t<div class=\"qodef-m-content\">\n\t\t\t<h4 class=\"qodef-m-title\" style=\"margin-top: 5px\">\n\t\t\t\t\t<span class=\"qodef-m-title-text\">Skin care<\/span>\n\t\t\t<\/h4>\n\t\t\t<p class=\"qodef-m-text\" style=\"margin-top: 6px;color: #666666\">\n\t\tLorem ipsum dolor sit amet  consectetur adipisicing elit sed eiusmod incididunt\t<\/p>\n\t<\/div>\n<\/div>\t\t\t\t<\/div>\n\t\t\t\t<\/div>\n\t\t\t\t\t<\/div>\n\t\t<\/div>\n\t\t\t\t<div class=\"elementor-column elementor-col-25 elementor-top-column elementor-element elementor-element-41caff8\" data-id=\"41caff8\" data-element_type=\"column\">\n\t\t\t<div class=\"elementor-widget-wrap elementor-element-populated\">\n\t\t\t\t\t\t<div class=\"elementor-element elementor-element-da008bf elementor-widget__width-initial elementor-widget elementor-widget-marra_core_icon_with_text\" data-id=\"da008bf\" data-element_type=\"widget\" data-widget_type=\"marra_core_icon_with_text.default\">\n\t\t\t\t<div class=\"elementor-widget-container\">\n\t\t\t\t\t<div class=\"qodef-shortcode qodef-m  qodef-icon-with-text qodef-layout--top qodef--custom-icon qodef-alignment--center\">\n\t<div class=\"qodef-m-icon-wrapper\">\n\t\t\t\t\t\t\t<\/div>\n\t<div class=\"qodef-m-content\">\n\t\t\t<h4 class=\"qodef-m-title\" style=\"margin-top: 5px\">\n\t\t\t\t\t<span class=\"qodef-m-title-text\">Body care<\/span>\n\t\t\t<\/h4>\n\t\t\t<p class=\"qodef-m-text\" style=\"margin-top: 6px;color: #666666\">\n\t\tLorem ipsum dolor sit amet  consectetur adipisicing elit sed eiusmod incididunt\t<\/p>\n\t<\/div>\n<\/div>\t\t\t\t<\/div>\n\t\t\t\t<\/div>\n\t\t\t\t\t<\/div>\n\t\t<\/div>\n\t\t\t\t<div class=\"elementor-column elementor-col-25 elementor-top-column elementor-element elementor-element-1a04830\" data-id=\"1a04830\" data-element_type=\"column\">\n\t\t\t<div class=\"elementor-widget-wrap elementor-element-populated\">\n\t\t\t\t\t\t<div class=\"elementor-element elementor-element-4a2f5b1 elementor-widget__width-initial elementor-widget elementor-widget-marra_core_icon_with_text\" data-id=\"4a2f5b1\" data-element_type=\"widget\" data-widget_type=\"marra_core_icon_with_text.default\">\n\t\t\t\t<div class=\"elementor-widget-container\">\n\t\t\t\t\t<div class=\"qodef-shortcode qodef-m  qodef-icon-with-text qodef-layout--top qodef--custom-icon qodef-alignment--center\">\n\t<div class=\"qodef-m-icon-wrapper\">\n\t\t\t\t\t\t\t<\/div>\n\t<div class=\"qodef-m-content\">\n\t\t\t<h4 class=\"qodef-m-title\" style=\"margin-top: 5px\">\n\t\t\t\t\t<span class=\"qodef-m-title-text\">Hair solutions<\/span>\n\t\t\t<\/h4>\n\t\t\t<p class=\"qodef-m-text\" style=\"margin-top: 6px;color: #666666\">\n\t\tLorem ipsum dolor sit amet  consectetur adipisicing elit sed eiusmod incididunt\t<\/p>\n\t<\/div>\n<\/div>\t\t\t\t<\/div>\n\t\t\t\t<\/div>\n\t\t\t\t\t<\/div>\n\t\t<\/div>\n\t\t\t\t<div class=\"elementor-column elementor-col-25 elementor-top-column elementor-element elementor-element-5e99561\" data-id=\"5e99561\" data-element_type=\"column\">\n\t\t\t<div class=\"elementor-widget-wrap elementor-element-populated\">\n\t\t\t\t\t\t<div class=\"elementor-element elementor-element-9008a90 elementor-widget__width-initial elementor-widget elementor-widget-marra_core_icon_with_text\" data-id=\"9008a90\" data-element_type=\"widget\" data-widget_type=\"marra_core_icon_with_text.default\">\n\t\t\t\t<div class=\"elementor-widget-container\">\n\t\t\t\t\t<div class=\"qodef-shortcode qodef-m  qodef-icon-with-text qodef-layout--top qodef--custom-icon qodef-alignment--center\">\n\t<div class=\"qodef-m-icon-wrapper\">\n\t\t\t\t\t\t\t<\/div>\n\t<div class=\"qodef-m-content\">\n\t\t\t<h4 class=\"qodef-m-title\" style=\"margin-top: 5px\">\n\t\t\t\t\t<span class=\"qodef-m-title-text\">Body lotions<\/span>\n\t\t\t<\/h4>\n\t\t\t<p class=\"qodef-m-text\" style=\"margin-top: 6px;color: #666666\">\n\t\tLorem ipsum dolor sit amet  consectetur adipisicing elit sed eiusmod incididunt\t<\/p>\n\t<\/div>\n<\/div>\t\t\t\t<\/div>\n\t\t\t\t<\/div>\n\t\t\t\t\t<\/div>\n\t\t<\/div>\n\t\t\t\t\t<\/div>\n\t\t<\/section>\n\t\t<div class=\"elementor-element elementor-element-4d98555 e-flex e-con-boxed e-con e-parent\" data-id=\"4d98555\" data-element_type=\"container\">\n\t\t\t\t\t<div class=\"e-con-inner\">\n\t\t\t\t<div class=\"elementor-element elementor-element-b9edb62 elementor-widget elementor-widget-spacer\" data-id=\"b9edb62\" data-element_type=\"widget\" data-widget_type=\"spacer.default\">\n\t\t\t\t<div class=\"elementor-widget-container\">\n\t\t\t\t\t\t\t<div class=\"elementor-spacer\">\n\t\t\t<div class=\"elementor-spacer-inner\"><\/div>\n\t\t<\/div>\n\t\t\t\t\t\t<\/div>\n\t\t\t\t<\/div>\n\t\t\t\t\t<\/div>\n\t\t\t\t<\/div>\n\t\t\t\t<\/div>","protected":false},"excerpt":{"rendered":"<p>Somos uma marca exclusiva de produtos que n\u00e3o s\u00f3 promovem o crescimento capilar, mas tamb\u00e9m revitalizam os seus fios de maneira totalmente natural. A nossa linha de produtos \u00e9 formulada com uma sele\u00e7\u00e3o cuidadosa de ingredientes provenientes da natureza, garantindo que cada item seja 100% vegano e livre de componentes prejudiciais. Na Alfros, acreditamos no [&hellip;]<\/p>","protected":false},"author":1,"featured_media":0,"parent":0,"menu_order":0,"comment_status":"closed","ping_status":"closed","template":"page-full-width.php","meta":{"footnotes":""},"class_list":["post-1939","page","type-page","status-publish","hentry"],"jetpack_sharing_enabled":true,"_links":{"self":[{"href":"https:\/\/alfros.shop\/en\/wp-json\/wp\/v2\/pages\/1939","targetHints":{"allow":["GET"]}}],"collection":[{"href":"https:\/\/alfros.shop\/en\/wp-json\/wp\/v2\/pages"}],"about":[{"href":"https:\/\/alfros.shop\/en\/wp-json\/wp\/v2\/types\/page"}],"author":[{"embeddable":true,"href":"https:\/\/alfros.shop\/en\/wp-json\/wp\/v2\/users\/1"}],"replies":[{"embeddable":true,"href":"https:\/\/alfros.shop\/en\/wp-json\/wp\/v2\/comments?post=1939"}],"version-history":[{"count":21,"href":"https:\/\/alfros.shop\/en\/wp-json\/wp\/v2\/pages\/1939\/revisions"}],"predecessor-version":[{"id":8705,"href":"https:\/\/alfros.shop\/en\/wp-json\/wp\/v2\/pages\/1939\/revisions\/8705"}],"wp:attachment":[{"href":"https:\/\/alfros.shop\/en\/wp-json\/wp\/v2\/media?parent=1939"}],"curies":[{"name":"wp","href":"https:\/\/api.w.org\/{rel}","templated":true}]}}